{"id":5194,"date":"2023-01-25T21:15:39","date_gmt":"2023-01-25T20:15:39","guid":{"rendered":"https:\/\/tonyeduccanin.com\/?page_id=5194"},"modified":"2023-04-25T14:00:25","modified_gmt":"2023-04-25T12:00:25","slug":"qui-suis-je","status":"publish","type":"page","link":"https:\/\/tonyeduccanin.com\/?page_id=5194","title":{"rendered":"Qui suis-je ?"},"content":{"rendered":"<div class=\"fusion-fullwidth fullwidth-box fusion-builder-row-1 fusion-flex-container has-pattern-background has-mask-background nonhundred-percent-fullwidth non-hundred-percent-height-scrolling\" style=\"--awb-border-radius-top-left:0px;--awb-border-radius-top-right:0px;--awb-border-radius-bottom-right:0px;--awb-border-radius-bottom-left:0px;\" ><div class=\"fusion-builder-row fusion-row fusion-flex-align-items-flex-start\" style=\"max-width:1216.8px;margin-left: calc(-4% \/ 2 );margin-right: calc(-4% \/ 2 );\"><div class=\"fusion-layout-column fusion_builder_column fusion-builder-column-0 fusion_builder_column_1_2 1_2 fusion-flex-column\" style=\"--awb-bg-size:cover;--awb-width-large:50%;--awb-margin-top-large:0px;--awb-spacing-right-large:3.84%;--awb-margin-bottom-large:20px;--awb-spacing-left-large:3.84%;--awb-width-medium:100%;--awb-order-medium:0;--awb-spacing-right-medium:1.92%;--awb-spacing-left-medium:1.92%;--awb-width-small:100%;--awb-order-small:0;--awb-spacing-right-small:1.92%;--awb-spacing-left-small:1.92%;\"><div class=\"fusion-column-wrapper fusion-column-has-shadow fusion-flex-justify-content-flex-start fusion-content-layout-column\"><div class=\"fusion-image-element \" style=\"--awb-mask-url: url(https:\/\/tonyeduccanin.com\/wp-content\/plugins\/fusion-builder\/\/assets\/images\/masks\/mask-18.svg);--awb-caption-title-size:var(--h2_typography-font-size);--awb-caption-title-transform:var(--h2_typography-text-transform);--awb-caption-title-line-height:var(--h2_typography-line-height);--awb-caption-title-letter-spacing:var(--h2_typography-letter-spacing);\"><span class=\" fusion-imageframe imageframe-none imageframe-1 hover-type-none has-mask\"><img decoding=\"async\" width=\"1024\" height=\"1024\" title=\"289625761_376764357893797_877024471661363103_n\" src=\"https:\/\/tonyeduccanin.com\/wp-content\/uploads\/2023\/04\/289625761_376764357893797_877024471661363103_n.jpg\" data-orig-src=\"https:\/\/tonyeduccanin.com\/wp-content\/uploads\/2023\/04\/289625761_376764357893797_877024471661363103_n-1024x1024.jpg\" alt class=\"lazyload img-responsive wp-image-5227\" srcset=\"data:image\/svg+xml,%3Csvg%20xmlns%3D%27http%3A%2F%2Fwww.w3.org%2F2000%2Fsvg%27%20width%3D%271440%27%20height%3D%271438%27%20viewBox%3D%270%200%201440%201438%27%3E%3Crect%20width%3D%271440%27%20height%3D%271438%27%20fill-opacity%3D%220%22%2F%3E%3C%2Fsvg%3E\" data-srcset=\"https:\/\/tonyeduccanin.com\/wp-content\/uploads\/2023\/04\/289625761_376764357893797_877024471661363103_n-200x200.jpg 200w, https:\/\/tonyeduccanin.com\/wp-content\/uploads\/2023\/04\/289625761_376764357893797_877024471661363103_n-400x399.jpg 400w, https:\/\/tonyeduccanin.com\/wp-content\/uploads\/2023\/04\/289625761_376764357893797_877024471661363103_n-600x599.jpg 600w, https:\/\/tonyeduccanin.com\/wp-content\/uploads\/2023\/04\/289625761_376764357893797_877024471661363103_n-800x799.jpg 800w, https:\/\/tonyeduccanin.com\/wp-content\/uploads\/2023\/04\/289625761_376764357893797_877024471661363103_n.jpg 1440w\" data-sizes=\"auto\" data-orig-sizes=\"(max-width: 1024px) 100vw, (max-width: 640px) 100vw, 600px\" \/><\/span><\/div><\/div><\/div><div class=\"fusion-layout-column fusion_builder_column fusion-builder-column-1 fusion_builder_column_1_2 1_2 fusion-flex-column\" style=\"--awb-bg-size:cover;--awb-width-large:50%;--awb-margin-top-large:0px;--awb-spacing-right-large:3.84%;--awb-margin-bottom-large:20px;--awb-spacing-left-large:3.84%;--awb-width-medium:100%;--awb-order-medium:0;--awb-spacing-right-medium:1.92%;--awb-spacing-left-medium:1.92%;--awb-width-small:100%;--awb-order-small:0;--awb-spacing-right-small:1.92%;--awb-spacing-left-small:1.92%;\"><div class=\"fusion-column-wrapper fusion-column-has-shadow fusion-flex-justify-content-flex-start fusion-content-layout-column\"><div class=\"fusion-text fusion-text-1\" style=\"--awb-text-transform:none;\"><p>D\u00e9j\u00e0 enfant, \u00e0 une \u00e9poque o\u00f9 les tutos YouTube n&rsquo;existaient pas, je m&rsquo;amusais \u00e0 apprendre des tours \u00e0 mes chiens.<\/p>\n<p>C&rsquo;est donc en autodidacte avec mes essais et erreurs que j&rsquo;ai commenc\u00e9.<\/p>\n<p>Plus tard, je d\u00e9cide d&rsquo;adopter mon premier chien de refuge. <br \/><span style=\"color: var(--awb-text-color); font-family: var(--awb-text-font-family); font-size: var(--awb-font-size); font-style: var(--awb-text-font-style); font-weight: var(--awb-text-font-weight); letter-spacing: var(--awb-letter-spacing); text-align: var(--awb-content-alignment); text-transform: var(--awb-text-transform); background-color: var(--awb-bg-color);\">Ivy, une crois\u00e9e malinois, qui pr\u00e9sentait plusieurs troubles du comportement.<\/span><\/p>\n<p>Elle sera un d\u00e9fi quotidien qui me poussera \u00e0 aller encore plus loin et \u00e0 am\u00e9liorer ma connaissance du chien.<\/p>\n<p>En 2021, je d\u00e9cide de me lancer. Voulant un bagage solide, je suis parti me former aupr\u00e8s de professionnels \u00e0 l&rsquo;\u00e9tranger.<span style=\"color: var(--awb-text-color); font-family: var(--awb-text-font-family); font-size: var(--awb-font-size); font-style: var(--awb-text-font-style); font-weight: var(--awb-text-font-weight); letter-spacing: var(--awb-letter-spacing); text-align: var(--awb-content-alignment); text-transform: var(--awb-text-transform); background-color: var(--awb-bg-color);\">\u200b<\/span><\/p>\n<p>En tant qu&rsquo;\u00e9ducateur canin, ma priorit\u00e9 est de pouvoir vous aider \u00e0 vivre en harmonie avec votre compagnon \u00e0 quatre pattes.<\/p>\n<\/div><\/div><\/div><\/div><\/div>\n","protected":false},"excerpt":{"rendered":"","protected":false},"author":1,"featured_media":0,"parent":0,"menu_order":0,"comment_status":"closed","ping_status":"closed","template":"","meta":{"footnotes":""},"class_list":["post-5194","page","type-page","status-publish","hentry"],"aioseo_notices":[],"_links":{"self":[{"href":"https:\/\/tonyeduccanin.com\/index.php?rest_route=\/wp\/v2\/pages\/5194","targetHints":{"allow":["GET"]}}],"collection":[{"href":"https:\/\/tonyeduccanin.com\/index.php?rest_route=\/wp\/v2\/pages"}],"about":[{"href":"https:\/\/tonyeduccanin.com\/index.php?rest_route=\/wp\/v2\/types\/page"}],"author":[{"embeddable":true,"href":"https:\/\/tonyeduccanin.com\/index.php?rest_route=\/wp\/v2\/users\/1"}],"replies":[{"embeddable":true,"href":"https:\/\/tonyeduccanin.com\/index.php?rest_route=%2Fwp%2Fv2%2Fcomments&post=5194"}],"version-history":[{"count":2,"href":"https:\/\/tonyeduccanin.com\/index.php?rest_route=\/wp\/v2\/pages\/5194\/revisions"}],"predecessor-version":[{"id":5228,"href":"https:\/\/tonyeduccanin.com\/index.php?rest_route=\/wp\/v2\/pages\/5194\/revisions\/5228"}],"wp:attachment":[{"href":"https:\/\/tonyeduccanin.com\/index.php?rest_route=%2Fwp%2Fv2%2Fmedia&parent=5194"}],"curies":[{"name":"wp","href":"https:\/\/api.w.org\/{rel}","templated":true}]}}